{"id":106,"date":"2021-07-20T13:00:13","date_gmt":"2021-07-20T13:00:13","guid":{"rendered":"https:\/\/aesm.com.ar\/?page_id=106"},"modified":"2026-03-16T10:54:00","modified_gmt":"2026-03-16T10:54:00","slug":"beneficios-para-socios","status":"publish","type":"page","link":"https:\/\/aesm.com.ar\/?page_id=106","title":{"rendered":"Beneficios para Socios"},"content":{"rendered":"<div class=\"wpb-content-wrapper\"><p>[vc_row type=&#8221;full-nopad&#8221;][vc_column][vc_empty_space height=&#8221;45px&#8221;][vc_empty_space height=&#8221;45px&#8221;][vc_empty_space height=&#8221;45px&#8221;][vc_empty_space height=&#8221;45px&#8221;][vc_column_text]<\/p>\n<h1 style=\"text-align: center;\"><strong><span style=\"color: #ff0000;\">BENEFICIO PARA SOCIOS<\/span><\/strong><\/h1>\n<p>[\/vc_column_text][vc_column_text css=&#8221;&#8221;]<img loading=\"lazy\" decoding=\"async\" class=\"aligncenter size-medium wp-image-80\" src=\"http:\/\/aesm.com.ar\/wp-content\/uploads\/2021\/07\/linea_abajo-1-300x36.jpg\" alt=\"\" width=\"300\" height=\"36\" srcset=\"https:\/\/aesm.com.ar\/wp-content\/uploads\/2021\/07\/linea_abajo-1-300x36.jpg 300w, https:\/\/aesm.com.ar\/wp-content\/uploads\/2021\/07\/linea_abajo-1.jpg 366w\" sizes=\"auto, (max-width: 300px) 100vw, 300px\" \/>[\/vc_column_text][vc_empty_space height=&#8221;45px&#8221;][vc_empty_space height=&#8221;45px&#8221;][\/vc_column][\/vc_row][vc_row][vc_column width=&#8221;1\/4&#8243;][\/vc_column][vc_column width=&#8221;1\/2&#8243;][vc_empty_space height=&#8221;45px&#8221;][vc_column_text css=&#8221;&#8221;]<\/p>\n<p style=\"text-align: justify;\"><strong>Si usted es socio de la Asociaci\u00f3n Espa\u00f1ola de Socorros Mutuos,<\/strong> puede disfrutar de los siguientes servicios que ofrece nuestra entidad conjuntamente con el club Alianza:<\/p>\n<ul>\n<li style=\"text-align: justify;\">Pileta climatizada de calle 21 e\/ 48 y 49 con importantes descuentos.<\/li>\n<li style=\"text-align: justify;\">Sal\u00f3n de Eventos de calle 48 e\/ 20 y 21 con grandes beneficios en el costo del alquiler.<\/li>\n<\/ul>\n<p>[\/vc_column_text][vc_empty_space height=&#8221;45px&#8221;][vc_column_text]<\/p>\n<p style=\"text-align: left;\"><strong>Consulte por estos y otros beneficios en nuestras oficinas<\/strong>:<br \/>\nAsociaci\u00f3n Espa\u00f1ola de Socorros Mutuos, calle 20 e 47 y 48. Col\u00f3n Buenos Aires.<br \/>\n<strong>Tel\u00e9fonos: <\/strong>421205 y 430228.<\/p>\n<p>[\/vc_column_text][vc_empty_space height=&#8221;45px&#8221;][vc_empty_space height=&#8221;45px&#8221;][vc_empty_space height=&#8221;45px&#8221;][\/vc_column][vc_column width=&#8221;1\/4&#8243;][\/vc_column][\/vc_row][vc_row type=&#8221;full-nopad&#8221; css=&#8221;.vc_custom_1625051584086{background-color: #dd3333 !important;}&#8221;][vc_column][vc_empty_space height=&#8221;45px&#8221;][vc_column_text]<\/p>\n<h1 style=\"text-align: center;\"><strong><span style=\"color: #ffffff;\">CONTACTO<\/span><\/strong><\/h1>\n<p>[\/vc_column_text][vc_empty_space height=&#8221;45px&#8221;][\/vc_column][\/vc_row][vc_row type=&#8221;full-nopad&#8221; css=&#8221;.vc_custom_1625050205744{background-color: #dddddd !important;}&#8221;][vc_column width=&#8221;1\/4&#8243;][\/vc_column][vc_column width=&#8221;1\/2&#8243;][vc_empty_space height=&#8221;45px&#8221;]\n<div class=\"wpcf7 no-js\" id=\"wpcf7-f131-o1\" lang=\"en-US\" dir=\"ltr\" data-wpcf7-id=\"131\">\n<div class=\"screen-reader-response\"><p role=\"status\" aria-live=\"polite\" aria-atomic=\"true\"><\/p> <ul><\/ul><\/div>\n<form action=\"\/index.php?rest_route=%2Fwp%2Fv2%2Fpages%2F106#wpcf7-f131-o1\" method=\"post\" class=\"wpcf7-form init\" aria-label=\"Contact form\" novalidate=\"novalidate\" data-status=\"init\">\n<fieldset class=\"hidden-fields-container\"><input type=\"hidden\" name=\"_wpcf7\" value=\"131\" \/><input type=\"hidden\" name=\"_wpcf7_version\" value=\"6.1.5\" \/><input type=\"hidden\" name=\"_wpcf7_locale\" value=\"en_US\" \/><input type=\"hidden\" name=\"_wpcf7_unit_tag\" value=\"wpcf7-f131-o1\" \/><input type=\"hidden\" name=\"_wpcf7_container_post\" value=\"0\" \/><input type=\"hidden\" name=\"_wpcf7_posted_data_hash\" value=\"\" \/>\n<\/fieldset>\n<p><label> Tu nombre<br \/>\n<span class=\"wpcf7-form-control-wrap\" data-name=\"your-name\"><input size=\"40\" maxlength=\"400\" class=\"wpcf7-form-control wpcf7-text wpcf7-validates-as-required\" aria-required=\"true\" aria-invalid=\"false\" value=\"\" type=\"text\" name=\"your-name\" \/><\/span> <\/label>\n<\/p>\n<p><label> Tu correo electr\u00f3nico<br \/>\n<span class=\"wpcf7-form-control-wrap\" data-name=\"your-email\"><input size=\"40\" maxlength=\"400\" class=\"wpcf7-form-control wpcf7-email wpcf7-validates-as-required wpcf7-text wpcf7-validates-as-email\" aria-required=\"true\" aria-invalid=\"false\" value=\"\" type=\"email\" name=\"your-email\" \/><\/span> <\/label>\n<\/p>\n<p><label> Asunto<br \/>\n<span class=\"wpcf7-form-control-wrap\" data-name=\"your-subject\"><input size=\"40\" maxlength=\"400\" class=\"wpcf7-form-control wpcf7-text wpcf7-validates-as-required\" aria-required=\"true\" aria-invalid=\"false\" value=\"\" type=\"text\" name=\"your-subject\" \/><\/span> <\/label>\n<\/p>\n<p><label> Tu mensaje (opcional)<br \/>\n<span class=\"wpcf7-form-control-wrap\" data-name=\"your-message\"><textarea cols=\"40\" rows=\"10\" maxlength=\"2000\" class=\"wpcf7-form-control wpcf7-textarea\" aria-invalid=\"false\" name=\"your-message\"><\/textarea><\/span> <\/label>\n<\/p>\n<p><input class=\"wpcf7-form-control wpcf7-submit has-spinner\" type=\"submit\" value=\"Enviar\" \/>\n<\/p><div class=\"wpcf7-response-output\" aria-hidden=\"true\"><\/div>\n<\/form>\n<\/div>\n[vc_empty_space height=&#8221;45px&#8221;][\/vc_column][vc_column width=&#8221;1\/4&#8243;][\/vc_column][\/vc_row][vc_row type=&#8221;full-nopad&#8221; css=&#8221;.vc_custom_1624978446788{background-color: #dd3333 !important;}&#8221;][vc_column][vc_separator accent_color=&#8221;#e8e8e8&#8243;][vc_empty_space height=&#8221;45px&#8221;][vc_empty_space height=&#8221;45px&#8221;][\/vc_column][\/vc_row]<\/p>\n<\/div>","protected":false},"excerpt":{"rendered":"<p>[vc_row type=&#8221;full-nopad&#8221;][vc_column][vc_empty_space height=&#8221;45px&#8221;][vc_empty_space height=&#8221;45px&#8221;][vc_empty_space height=&#8221;45px&#8221;][vc_empty_space height=&#8221;45px&#8221;][vc_column_text] BENEFICIO PARA SOCIOS [\/vc_column_text][vc_column_text css=&#8221;&#8221;][\/vc_column_text][vc_empty_space height=&#8221;45px&#8221;][vc_empty_space height=&#8221;45px&#8221;][\/vc_column][\/vc_row][vc_row][vc_column width=&#8221;1\/4&#8243;][\/vc_column][vc_column width=&#8221;1\/2&#8243;][vc_empty_space height=&#8221;45px&#8221;][vc_column_text css=&#8221;&#8221;] Si usted es socio de la Asociaci\u00f3n Espa\u00f1ola de Socorros Mutuos, puede disfrutar de los siguientes servicios que ofrece nuestra entidad conjuntamente con el club Alianza: Pileta climatizada de calle 21 e\/ 48 y 49 con importantes descuentos. &hellip;<\/p>\n","protected":false},"author":2,"featured_media":0,"parent":0,"menu_order":0,"comment_status":"closed","ping_status":"closed","template":"templates\/page-full.php","meta":{"footnotes":""},"class_list":["post-106","page","type-page","status-publish","hentry"],"_links":{"self":[{"href":"https:\/\/aesm.com.ar\/index.php?rest_route=\/wp\/v2\/pages\/106","targetHints":{"allow":["GET"]}}],"collection":[{"href":"https:\/\/aesm.com.ar\/index.php?rest_route=\/wp\/v2\/pages"}],"about":[{"href":"https:\/\/aesm.com.ar\/index.php?rest_route=\/wp\/v2\/types\/page"}],"author":[{"embeddable":true,"href":"https:\/\/aesm.com.ar\/index.php?rest_route=\/wp\/v2\/users\/2"}],"replies":[{"embeddable":true,"href":"https:\/\/aesm.com.ar\/index.php?rest_route=%2Fwp%2Fv2%2Fcomments&post=106"}],"version-history":[{"count":2,"href":"https:\/\/aesm.com.ar\/index.php?rest_route=\/wp\/v2\/pages\/106\/revisions"}],"predecessor-version":[{"id":164,"href":"https:\/\/aesm.com.ar\/index.php?rest_route=\/wp\/v2\/pages\/106\/revisions\/164"}],"wp:attachment":[{"href":"https:\/\/aesm.com.ar\/index.php?rest_route=%2Fwp%2Fv2%2Fmedia&parent=106"}],"curies":[{"name":"wp","href":"https:\/\/api.w.org\/{rel}","templated":true}]}}