{"id":10,"date":"2021-06-29T14:32:21","date_gmt":"2021-06-29T14:32:21","guid":{"rendered":"https:\/\/aesm.com.ar\/?page_id=10"},"modified":"2026-03-16T10:53:07","modified_gmt":"2026-03-16T10:53:07","slug":"inicio","status":"publish","type":"page","link":"https:\/\/aesm.com.ar\/","title":{"rendered":"Inicio"},"content":{"rendered":"<div class=\"wpb-content-wrapper\"><p>[vc_row type=&#8221;full-nopad&#8221;][vc_column]<div class=\"nm-banner-slider plugin-slick pagination-color-gray slick-slider slick-dots-inside has-pagination pagination-mobile-outside pagination-center\" data-adaptive-height=\"true\" data-arrows=\"true\" data-dots=\"true\" data-fade=\"true\" data-speed=\"1000\" data-autoplay=\"true\" data-autoplay-speed=\"2500\" data-infinite=\"true\">\r\n\t\t\t<div class=\"nm-banner content-full image-type-fluid text-color-dark subtitle-below\" style=\"\"><img loading=\"lazy\" decoding=\"async\" src=\"https:\/\/aesm.com.ar\/wp-content\/uploads\/2021\/06\/acceso-a-creditos.jpg\" width=\"1920\" height=\"510\" alt=\"acceso a creditos\" \/>\r\n\t\t\t<\/div>\r\n\t\t\t<div class=\"nm-banner content-full image-type-fluid text-color-dark subtitle-below\" style=\"\"><img loading=\"lazy\" decoding=\"async\" src=\"https:\/\/aesm.com.ar\/wp-content\/uploads\/2021\/07\/frente-del-local-asociacion-espanola-de-socorros-mutuos-colon-buenos-aires.jpg\" width=\"1920\" height=\"510\" alt=\"frente del local asociacion espa\u00f1ola de socorros mutuos colon buenos aires\" \/>\r\n\t\t\t<\/div>\r\n\t\t\t<div class=\"nm-banner content-full image-type-fluid text-color-dark subtitle-below\" style=\"\"><img loading=\"lazy\" decoding=\"async\" src=\"https:\/\/aesm.com.ar\/wp-content\/uploads\/2021\/07\/interior-del-local-asociacion-espanola-de-socorros-mutuos-colon-buenos-aires.jpg\" width=\"1920\" height=\"510\" alt=\"interior del local asociacion espa\u00f1ola de socorros mutuos colon buenos aires\" \/>\r\n\t\t\t<\/div><\/div>[\/vc_column][\/vc_row][vc_row type=&#8221;full-nopad&#8221; css=&#8221;.vc_custom_1625051584086{background-color: #dd3333 !important;}&#8221;][vc_column][vc_empty_space height=&#8221;45px&#8221;][vc_column_text]<\/p>\n<h1 style=\"text-align: center;\"><strong><span style=\"color: #ffffff;\">ASOCIACI\u00d3N ESPA\u00d1OLA DE SOCORROS MUTUOS<\/span><\/strong><\/h1>\n<p>[\/vc_column_text][vc_column_text]<\/p>\n<h3 style=\"text-align: center;\"><span style=\"color: #ffffff;\">Col\u00f3n\u00a0 \u05c0\u00a0 Buenos Aires<\/span><\/h3>\n<p>[\/vc_column_text][vc_empty_space height=&#8221;45px&#8221;][\/vc_column][\/vc_row][vc_row type=&#8221;full-nopad&#8221; css=&#8221;.vc_custom_1625150505324{background-color: #ffe523 !important;}&#8221;][vc_column width=&#8221;1\/4&#8243;][\/vc_column][vc_column width=&#8221;1\/2&#8243;][vc_empty_space height=&#8221;45px&#8221;][\/vc_column][vc_column width=&#8221;1\/4&#8243;][\/vc_column][\/vc_row][vc_row type=&#8221;full-nopad&#8221;][vc_column width=&#8221;1\/4&#8243;][\/vc_column][vc_column width=&#8221;1\/2&#8243;][vc_empty_space height=&#8221;45px&#8221;][vc_empty_space height=&#8221;45px&#8221;][vc_separator accent_color=&#8221;#f4d122&#8243;][vc_empty_space height=&#8221;45px&#8221;][vc_column_text]<\/p>\n<h1 style=\"text-align: center;\"><strong>M\u00e1s de 30 a\u00f1os acompa\u00f1ando<br \/>\nel crecimiento de nuestros asociados.<\/strong><\/h1>\n<p>[\/vc_column_text][vc_empty_space height=&#8221;45px&#8221;][vc_separator accent_color=&#8221;#f4d122&#8243;][vc_empty_space height=&#8221;45px&#8221;][vc_column_text]<\/p>\n<p style=\"text-align: center;\"><strong>Nuestro objetivo es brindar ayuda econ\u00f3mica a nuestros clientes. <\/strong><\/p>\n<p style=\"text-align: center;\">Hoy la mutual se ha transformado en una herramienta imprescindible para mucha gente de nuestra ciudad. Colaboramos siempre de manera eficiente y din\u00e1mica con nuestros asociados.<\/p>\n<p>[\/vc_column_text][vc_empty_space height=&#8221;45px&#8221;][vc_empty_space height=&#8221;45px&#8221;][vc_empty_space height=&#8221;45px&#8221;][\/vc_column][vc_column width=&#8221;1\/4&#8243;][\/vc_column][\/vc_row][vc_row type=&#8221;full-nopad&#8221; css=&#8221;.vc_custom_1625150505324{background-color: #ffe523 !important;}&#8221;][vc_column width=&#8221;1\/4&#8243;][\/vc_column][vc_column width=&#8221;1\/2&#8243;][vc_empty_space height=&#8221;45px&#8221;][\/vc_column][vc_column width=&#8221;1\/4&#8243;][\/vc_column][\/vc_row][vc_row type=&#8221;full-nopad&#8221; parallax=&#8221;static&#8221; parallax_image=&#8221;85&#8243;][vc_column][vc_empty_space height=&#8221;45px&#8221;][vc_empty_space height=&#8221;45px&#8221;][vc_empty_space height=&#8221;45px&#8221;][vc_empty_space height=&#8221;45px&#8221;][vc_empty_space height=&#8221;45px&#8221;][vc_empty_space height=&#8221;45px&#8221;][vc_empty_space height=&#8221;45px&#8221;][\/vc_column][\/vc_row][vc_row type=&#8221;full-nopad&#8221;][vc_column][vc_separator accent_color=&#8221;#f4d122&#8243;][vc_empty_space height=&#8221;45px&#8221;][vc_empty_space height=&#8221;45px&#8221;][vc_column_text]<\/p>\n<h1 style=\"text-align: center;\"><strong><span style=\"color: #ff0000;\">SERVICIOS<\/span><\/strong><\/h1>\n<p>[\/vc_column_text][vc_column_text css=&#8221;&#8221;]<img loading=\"lazy\" decoding=\"async\" class=\"size-medium wp-image-80 aligncenter\" src=\"http:\/\/aesm.com.ar\/wp-content\/uploads\/2021\/07\/linea_abajo-1-300x36.jpg\" alt=\"\" width=\"300\" height=\"36\" srcset=\"https:\/\/aesm.com.ar\/wp-content\/uploads\/2021\/07\/linea_abajo-1-300x36.jpg 300w, https:\/\/aesm.com.ar\/wp-content\/uploads\/2021\/07\/linea_abajo-1.jpg 366w\" sizes=\"auto, (max-width: 300px) 100vw, 300px\" \/>[\/vc_column_text][vc_empty_space height=&#8221;45px&#8221;][vc_empty_space height=&#8221;45px&#8221;][\/vc_column][\/vc_row][vc_row type=&#8221;full-nopad&#8221; max_width=&#8221;1500&#8243;][vc_column width=&#8221;1\/4&#8243;][vc_empty_space height=&#8221;45px&#8221;][vc_column_text css=&#8221;&#8221;]<img loading=\"lazy\" decoding=\"async\" class=\"aligncenter size-full wp-image-63\" src=\"http:\/\/aesm.com.ar\/wp-content\/uploads\/2021\/07\/prestamos.jpg\" alt=\"\" width=\"241\" height=\"206\" \/>[\/vc_column_text][vc_column_text]<\/p>\n<p style=\"text-align: center;\">Prestamos personales en cuotas fijas en pesos para financiar cualquiera de sus necesidades cotidianas.<\/p>\n<p>[\/vc_column_text][vc_empty_space height=&#8221;45px&#8221;][\/vc_column][vc_column width=&#8221;1\/4&#8243;][vc_empty_space height=&#8221;45px&#8221;][vc_column_text css=&#8221;&#8221;]<img loading=\"lazy\" decoding=\"async\" class=\"aligncenter size-full wp-image-64\" src=\"http:\/\/aesm.com.ar\/wp-content\/uploads\/2021\/07\/caja-de-ahorro-gratuita.jpg\" alt=\"\" width=\"241\" height=\"206\" \/>[\/vc_column_text][vc_column_text]<\/p>\n<p style=\"text-align: center;\">Caja de ahorro gratuita<\/p>\n<p>[\/vc_column_text][vc_empty_space height=&#8221;45px&#8221;][\/vc_column][vc_column width=&#8221;1\/4&#8243;][vc_empty_space height=&#8221;45px&#8221;][vc_column_text css=&#8221;&#8221;]<img loading=\"lazy\" decoding=\"async\" class=\"aligncenter size-full wp-image-65\" src=\"http:\/\/aesm.com.ar\/wp-content\/uploads\/2021\/07\/depositos.jpg\" alt=\"\" width=\"241\" height=\"206\" \/>[\/vc_column_text][vc_column_text]<\/p>\n<p style=\"text-align: center;\">Dep\u00f3sitos de ahorro a t\u00e9rmino<\/p>\n<p>[\/vc_column_text][vc_empty_space height=&#8221;45px&#8221;][\/vc_column][vc_column width=&#8221;1\/4&#8243;][vc_empty_space height=&#8221;45px&#8221;][vc_column_text css=&#8221;&#8221;]<img loading=\"lazy\" decoding=\"async\" class=\"aligncenter size-full wp-image-66\" src=\"http:\/\/aesm.com.ar\/wp-content\/uploads\/2021\/07\/cobranza-de-servicios.jpg\" alt=\"\" width=\"241\" height=\"206\" \/>[\/vc_column_text][vc_column_text]<\/p>\n<p style=\"text-align: center;\">Cobranza de servicios<\/p>\n<p>[\/vc_column_text][vc_empty_space height=&#8221;45px&#8221;][\/vc_column][\/vc_row][vc_row type=&#8221;full-nopad&#8221; max_width=&#8221;1200&#8243;][vc_column width=&#8221;1\/3&#8243;][vc_empty_space height=&#8221;45px&#8221;][vc_column_text css=&#8221;&#8221;]<img loading=\"lazy\" decoding=\"async\" class=\"aligncenter size-full wp-image-67\" src=\"http:\/\/aesm.com.ar\/wp-content\/uploads\/2021\/07\/enfermeria-gratis-para-socios.jpg\" alt=\"\" width=\"241\" height=\"206\" \/>[\/vc_column_text][vc_column_text]<\/p>\n<p style=\"text-align: center;\">Servicio de enfermer\u00eda gratuito para sus asociados y grupo familiar.<\/p>\n<p>[\/vc_column_text][vc_empty_space height=&#8221;45px&#8221;][\/vc_column][vc_column width=&#8221;1\/3&#8243;][vc_empty_space height=&#8221;45px&#8221;][vc_column_text css=&#8221;&#8221;]<img loading=\"lazy\" decoding=\"async\" class=\"aligncenter size-full wp-image-68\" src=\"http:\/\/aesm.com.ar\/wp-content\/uploads\/2021\/07\/credial.jpg\" alt=\"\" width=\"241\" height=\"206\" \/>[\/vc_column_text][vc_column_text]<\/p>\n<p style=\"text-align: center;\">Credial<\/p>\n<p>[\/vc_column_text][vc_empty_space height=&#8221;45px&#8221;][\/vc_column][vc_column width=&#8221;1\/3&#8243;][vc_empty_space height=&#8221;45px&#8221;][vc_column_text css=&#8221;&#8221;]<img loading=\"lazy\" decoding=\"async\" class=\"aligncenter size-full wp-image-69\" src=\"http:\/\/aesm.com.ar\/wp-content\/uploads\/2021\/07\/sorteos-y-regalos-para-socios.jpg\" alt=\"\" width=\"241\" height=\"206\" \/>[\/vc_column_text][vc_column_text]<\/p>\n<p style=\"text-align: center;\">Sorteos gratuitos entre socios con importantes premios todo el a\u00f1o.<\/p>\n<p>[\/vc_column_text][vc_empty_space height=&#8221;45px&#8221;][vc_empty_space height=&#8221;45px&#8221;][vc_empty_space height=&#8221;45px&#8221;][\/vc_column][\/vc_row][vc_row type=&#8221;full-nopad&#8221; css=&#8221;.vc_custom_1625150505324{background-color: #ffe523 !important;}&#8221;][vc_column width=&#8221;1\/4&#8243;][\/vc_column][vc_column width=&#8221;1\/2&#8243;][vc_empty_space height=&#8221;45px&#8221;][\/vc_column][vc_column width=&#8221;1\/4&#8243;][\/vc_column][\/vc_row][vc_row type=&#8221;full-nopad&#8221;][vc_column][vc_empty_space height=&#8221;45px&#8221;][vc_empty_space height=&#8221;45px&#8221;][vc_empty_space height=&#8221;45px&#8221;][vc_column_text]<\/p>\n<h1 style=\"text-align: center;\"><strong><span style=\"color: #ff0000;\">BENEFICIO PARA SOCIOS<\/span><\/strong><\/h1>\n<p>[\/vc_column_text][vc_column_text css=&#8221;&#8221;]<img loading=\"lazy\" decoding=\"async\" class=\"aligncenter size-medium wp-image-80\" src=\"http:\/\/aesm.com.ar\/wp-content\/uploads\/2021\/07\/linea_abajo-1-300x36.jpg\" alt=\"\" width=\"300\" height=\"36\" srcset=\"https:\/\/aesm.com.ar\/wp-content\/uploads\/2021\/07\/linea_abajo-1-300x36.jpg 300w, https:\/\/aesm.com.ar\/wp-content\/uploads\/2021\/07\/linea_abajo-1.jpg 366w\" sizes=\"auto, (max-width: 300px) 100vw, 300px\" \/>[\/vc_column_text][vc_empty_space height=&#8221;45px&#8221;][vc_empty_space height=&#8221;45px&#8221;][\/vc_column][\/vc_row][vc_row][vc_column width=&#8221;1\/4&#8243;][\/vc_column][vc_column width=&#8221;1\/2&#8243;][vc_empty_space height=&#8221;45px&#8221;][vc_column_text css=&#8221;&#8221;]<\/p>\n<p style=\"text-align: justify;\"><strong>Si usted es socio de la Asociaci\u00f3n Espa\u00f1ola de Socorros Mutuos,<\/strong> puede disfrutar de los siguientes servicios que ofrece nuestra entidad conjuntamente con el club Alianza:<\/p>\n<ul>\n<li style=\"text-align: justify;\">Pileta climatizada de calle 21 e\/ 48 y 49 con importantes descuentos.<\/li>\n<li style=\"text-align: justify;\">Sal\u00f3n de Eventos de calle 48 e\/ 20 y 21 con grandes beneficios en el costo del alquiler.<\/li>\n<\/ul>\n<p>[\/vc_column_text][vc_empty_space height=&#8221;45px&#8221;][vc_column_text]<\/p>\n<p style=\"text-align: left;\"><strong>Consulte por estos y otros beneficios en nuestras oficinas<\/strong>:<br \/>\nAsociaci\u00f3n Espa\u00f1ola de Socorros Mutuos, calle 20 e 47 y 48. Col\u00f3n Buenos Aires.<br \/>\n<strong>Tel\u00e9fonos: <\/strong>421205 y 430228.<\/p>\n<p>[\/vc_column_text][vc_empty_space height=&#8221;45px&#8221;][\/vc_column][vc_column width=&#8221;1\/4&#8243;][\/vc_column][\/vc_row][vc_row type=&#8221;full-nopad&#8221;][vc_column][vc_empty_space height=&#8221;45px&#8221;][vc_empty_space height=&#8221;45px&#8221;][vc_separator accent_color=&#8221;#f4d122&#8243;][vc_empty_space height=&#8221;45px&#8221;][\/vc_column][\/vc_row][vc_row][vc_column width=&#8221;1\/4&#8243;][\/vc_column][vc_column width=&#8221;1\/2&#8243;][vc_column_text]<\/p>\n<h1 style=\"text-align: center;\"><strong>ayuda econ\u00f3mica<\/strong><\/h1>\n<p>[\/vc_column_text][\/vc_column][vc_column width=&#8221;1\/4&#8243;][\/vc_column][\/vc_row][vc_row type=&#8221;full-nopad&#8221;][vc_column][vc_empty_space height=&#8221;45px&#8221;][vc_separator accent_color=&#8221;#f4d122&#8243;][vc_empty_space height=&#8221;45px&#8221;][\/vc_column][\/vc_row][vc_row][vc_column][vc_column_text]<\/p>\n<h1 style=\"text-align: center;\"><strong>atenci\u00f3n \u00e1gil y din\u00e1mica<\/strong><\/h1>\n<p>[\/vc_column_text][\/vc_column][\/vc_row][vc_row type=&#8221;full-nopad&#8221;][vc_column][vc_empty_space height=&#8221;45px&#8221;][vc_separator accent_color=&#8221;#f4d122&#8243;][vc_empty_space height=&#8221;45px&#8221;][vc_empty_space height=&#8221;45px&#8221;][vc_empty_space height=&#8221;45px&#8221;][vc_empty_space height=&#8221;45px&#8221;][vc_empty_space height=&#8221;45px&#8221;][\/vc_column][\/vc_row][vc_row type=&#8221;full-nopad&#8221; css=&#8221;.vc_custom_1625150505324{background-color: #ffe523 !important;}&#8221;][vc_column width=&#8221;1\/4&#8243;][\/vc_column][vc_column width=&#8221;1\/2&#8243;][vc_empty_space height=&#8221;45px&#8221;][\/vc_column][vc_column width=&#8221;1\/4&#8243;][\/vc_column][\/vc_row][vc_row type=&#8221;full-nopad&#8221;][vc_column][vc_column_text]<iframe loading=\"lazy\" style=\"border: 0;\" src=\"https:\/\/www.google.com\/maps\/embed?pb=!1m14!1m8!1m3!1d13247.52163687912!2d-61.0990548!3d-33.8927337!3m2!1i1024!2i768!4f13.1!3m3!1m2!1s0x0%3A0xc810018e0de9383b!2sAsociaci%C3%B3n%20Espa%C3%B1ola%20de%20Socorros%20Mutuos!5e0!3m2!1ses!2sar!4v1625052197035!5m2!1ses!2sar\" width=\"100%\" height=\"600\" allowfullscreen=\"allowfullscreen\"><\/iframe>[\/vc_column_text][\/vc_column][\/vc_row][vc_row type=&#8221;full-nopad&#8221; css=&#8221;.vc_custom_1625051584086{background-color: #dd3333 !important;}&#8221;][vc_column][vc_empty_space height=&#8221;45px&#8221;][vc_column_text]<\/p>\n<h1 style=\"text-align: center;\"><strong><span style=\"color: #ffffff;\">CONTACTO<\/span><\/strong><\/h1>\n<p>[\/vc_column_text][vc_empty_space height=&#8221;45px&#8221;][\/vc_column][\/vc_row][vc_row type=&#8221;full-nopad&#8221; css=&#8221;.vc_custom_1625050205744{background-color: #dddddd !important;}&#8221;][vc_column width=&#8221;1\/4&#8243;][\/vc_column][vc_column width=&#8221;1\/2&#8243; css=&#8221;.vc_custom_1627484079855{margin-right: 15px !important;margin-left: 15px !important;padding-right: 15px !important;padding-left: 15px !important;}&#8221;][vc_empty_space height=&#8221;45px&#8221;]\n<div class=\"wpcf7 no-js\" id=\"wpcf7-f131-o1\" lang=\"en-US\" dir=\"ltr\" data-wpcf7-id=\"131\">\n<div class=\"screen-reader-response\"><p role=\"status\" aria-live=\"polite\" aria-atomic=\"true\"><\/p> <ul><\/ul><\/div>\n<form action=\"\/index.php?rest_route=%2Fwp%2Fv2%2Fpages%2F10#wpcf7-f131-o1\" method=\"post\" class=\"wpcf7-form init\" aria-label=\"Contact form\" novalidate=\"novalidate\" data-status=\"init\">\n<fieldset class=\"hidden-fields-container\"><input type=\"hidden\" name=\"_wpcf7\" value=\"131\" \/><input type=\"hidden\" name=\"_wpcf7_version\" value=\"6.1.5\" \/><input type=\"hidden\" name=\"_wpcf7_locale\" value=\"en_US\" \/><input type=\"hidden\" name=\"_wpcf7_unit_tag\" value=\"wpcf7-f131-o1\" \/><input type=\"hidden\" name=\"_wpcf7_container_post\" value=\"0\" \/><input type=\"hidden\" name=\"_wpcf7_posted_data_hash\" value=\"\" \/>\n<\/fieldset>\n<p><label> Tu nombre<br \/>\n<span class=\"wpcf7-form-control-wrap\" data-name=\"your-name\"><input size=\"40\" maxlength=\"400\" class=\"wpcf7-form-control wpcf7-text wpcf7-validates-as-required\" aria-required=\"true\" aria-invalid=\"false\" value=\"\" type=\"text\" name=\"your-name\" \/><\/span> <\/label>\n<\/p>\n<p><label> Tu correo electr\u00f3nico<br \/>\n<span class=\"wpcf7-form-control-wrap\" data-name=\"your-email\"><input size=\"40\" maxlength=\"400\" class=\"wpcf7-form-control wpcf7-email wpcf7-validates-as-required wpcf7-text wpcf7-validates-as-email\" aria-required=\"true\" aria-invalid=\"false\" value=\"\" type=\"email\" name=\"your-email\" \/><\/span> <\/label>\n<\/p>\n<p><label> Asunto<br \/>\n<span class=\"wpcf7-form-control-wrap\" data-name=\"your-subject\"><input size=\"40\" maxlength=\"400\" class=\"wpcf7-form-control wpcf7-text wpcf7-validates-as-required\" aria-required=\"true\" aria-invalid=\"false\" value=\"\" type=\"text\" name=\"your-subject\" \/><\/span> <\/label>\n<\/p>\n<p><label> Tu mensaje (opcional)<br \/>\n<span class=\"wpcf7-form-control-wrap\" data-name=\"your-message\"><textarea cols=\"40\" rows=\"10\" maxlength=\"2000\" class=\"wpcf7-form-control wpcf7-textarea\" aria-invalid=\"false\" name=\"your-message\"><\/textarea><\/span> <\/label>\n<\/p>\n<p><input class=\"wpcf7-form-control wpcf7-submit has-spinner\" type=\"submit\" value=\"Enviar\" \/>\n<\/p><div class=\"wpcf7-response-output\" aria-hidden=\"true\"><\/div>\n<\/form>\n<\/div>\n[vc_empty_space height=&#8221;45px&#8221;][\/vc_column][vc_column width=&#8221;1\/4&#8243;][\/vc_column][\/vc_row][vc_row type=&#8221;full-nopad&#8221; css=&#8221;.vc_custom_1624978446788{background-color: #dd3333 !important;}&#8221;][vc_column][vc_separator accent_color=&#8221;#e8e8e8&#8243;][vc_empty_space height=&#8221;45px&#8221;][vc_empty_space height=&#8221;45px&#8221;][\/vc_column][\/vc_row]<\/p>\n<\/div>","protected":false},"excerpt":{"rendered":"<p>[vc_row type=&#8221;full-nopad&#8221;][vc_column][\/vc_column][\/vc_row][vc_row type=&#8221;full-nopad&#8221; css=&#8221;.vc_custom_1625051584086{background-color: #dd3333 !important;}&#8221;][vc_column][vc_empty_space height=&#8221;45px&#8221;][vc_column_text] ASOCIACI\u00d3N ESPA\u00d1OLA DE SOCORROS MUTUOS [\/vc_column_text][vc_column_text] Col\u00f3n\u00a0 \u05c0\u00a0 Buenos Aires [\/vc_column_text][vc_empty_space height=&#8221;45px&#8221;][\/vc_column][\/vc_row][vc_row type=&#8221;full-nopad&#8221; css=&#8221;.vc_custom_1625150505324{background-color: #ffe523 !important;}&#8221;][vc_column width=&#8221;1\/4&#8243;][\/vc_column][vc_column width=&#8221;1\/2&#8243;][vc_empty_space height=&#8221;45px&#8221;][\/vc_column][vc_column width=&#8221;1\/4&#8243;][\/vc_column][\/vc_row][vc_row type=&#8221;full-nopad&#8221;][vc_column width=&#8221;1\/4&#8243;][\/vc_column][vc_column width=&#8221;1\/2&#8243;][vc_empty_space height=&#8221;45px&#8221;][vc_empty_space height=&#8221;45px&#8221;][vc_separator accent_color=&#8221;#f4d122&#8243;][vc_empty_space height=&#8221;45px&#8221;][vc_column_text] M\u00e1s de 30 a\u00f1os acompa\u00f1ando el crecimiento de nuestros asociados. [\/vc_column_text][vc_empty_space height=&#8221;45px&#8221;][vc_separator accent_color=&#8221;#f4d122&#8243;][vc_empty_space height=&#8221;45px&#8221;][vc_column_text] Nuestro objetivo es brindar ayuda econ\u00f3mica a &hellip;<\/p>\n","protected":false},"author":2,"featured_media":0,"parent":0,"menu_order":0,"comment_status":"closed","ping_status":"closed","template":"templates\/page-full.php","meta":{"footnotes":""},"class_list":["post-10","page","type-page","status-publish","hentry"],"_links":{"self":[{"href":"https:\/\/aesm.com.ar\/index.php?rest_route=\/wp\/v2\/pages\/10","targetHints":{"allow":["GET"]}}],"collection":[{"href":"https:\/\/aesm.com.ar\/index.php?rest_route=\/wp\/v2\/pages"}],"about":[{"href":"https:\/\/aesm.com.ar\/index.php?rest_route=\/wp\/v2\/types\/page"}],"author":[{"embeddable":true,"href":"https:\/\/aesm.com.ar\/index.php?rest_route=\/wp\/v2\/users\/2"}],"replies":[{"embeddable":true,"href":"https:\/\/aesm.com.ar\/index.php?rest_route=%2Fwp%2Fv2%2Fcomments&post=10"}],"version-history":[{"count":4,"href":"https:\/\/aesm.com.ar\/index.php?rest_route=\/wp\/v2\/pages\/10\/revisions"}],"predecessor-version":[{"id":162,"href":"https:\/\/aesm.com.ar\/index.php?rest_route=\/wp\/v2\/pages\/10\/revisions\/162"}],"wp:attachment":[{"href":"https:\/\/aesm.com.ar\/index.php?rest_route=%2Fwp%2Fv2%2Fmedia&parent=10"}],"curies":[{"name":"wp","href":"https:\/\/api.w.org\/{rel}","templated":true}]}}